{"id":112,"date":"2025-01-06T09:58:49","date_gmt":"2025-01-06T08:58:49","guid":{"rendered":"https:\/\/www.picomouto.fr\/?page_id=112"},"modified":"2025-01-06T14:07:07","modified_gmt":"2025-01-06T13:07:07","slug":"nos-produits","status":"publish","type":"page","link":"https:\/\/www.picomouto.fr\/?page_id=112","title":{"rendered":"Nos produits"},"content":{"rendered":"\t\t<div data-elementor-type=\"wp-page\" data-elementor-id=\"112\" class=\"elementor elementor-112\" data-elementor-post-type=\"page\">\n\t\t\t\t<div class=\"elementor-element elementor-element-8f5740f e-flex e-con-boxed e-con e-parent\" data-id=\"8f5740f\" data-element_type=\"container\" data-e-type=\"container\">\n\t\t\t\t\t<div class=\"e-con-inner\">\n\t\t\t\t<div class=\"elementor-element elementor-element-e09a18d elementor-widget elementor-widget-text-editor\" data-id=\"e09a18d\" data-element_type=\"widget\" data-e-type=\"widget\" data-widget_type=\"text-editor.default\">\n\t\t\t\t<div class=\"elementor-widget-container\">\n\t\t\t\t\t\t\t\t\t<h5>Chez Pico Mouto, vous pourrez trouver de nombreux produits paysans, alimentaires et de soin,<br \/>et d&rsquo;autres produits issus de nos cultures et \u00e9levages du territoire.<br \/>Tous les produits propos\u00e9s au magasin sont travaill\u00e9s avec soin par des paysans locaux,<br \/><span style=\"color: inherit; font-family: inherit; font-size: 1.25rem;\">en Agriculture Biologique (ou en conversion). <br \/>N<\/span><span style=\"color: inherit; font-family: inherit; font-size: 1.25rem;\">otre d\u00e9marche est avant tout de vous proposer des produits diversifi\u00e9s, savoureux et de qualit\u00e9.<\/span><\/h5>\t\t\t\t\t\t\t\t<\/div>\n\t\t\t\t<\/div>\n\t\t\t\t\t<\/div>\n\t\t\t\t<\/div>\n\t\t<div class=\"elementor-element elementor-element-2971445 e-flex e-con-boxed e-con e-parent\" data-id=\"2971445\" data-element_type=\"container\" data-e-type=\"container\">\n\t\t\t\t\t<div class=\"e-con-inner\">\n\t\t<div class=\"elementor-element elementor-element-349403f e-con-full e-flex e-con e-child\" data-id=\"349403f\" data-element_type=\"container\" data-e-type=\"container\">\n\t\t\t\t<div class=\"elementor-element elementor-element-6325407 elementor-widget elementor-widget-text-editor\" data-id=\"6325407\" data-element_type=\"widget\" data-e-type=\"widget\" data-widget_type=\"text-editor.default\">\n\t\t\t\t<div class=\"elementor-widget-container\">\n\t\t\t\t\t\t\t\t\t<p><strong>PAIN AU LEVAIN<br \/><\/strong>Campagne, \u00e9peautre, noix, aux graines&#8230;<br \/>Brioches et biscuits secs<\/p><p><strong>LEGUMES &amp; FRUITS<\/strong><br \/>Frais et de saison<br \/>Transform\u00e9s (soupes, houmous, compotes, confitures&#8230;)<\/p>\t\t\t\t\t\t\t\t<\/div>\n\t\t\t\t<\/div>\n\t\t\t\t<\/div>\n\t\t<div class=\"elementor-element elementor-element-56342e9 e-con-full e-flex e-con e-child\" data-id=\"56342e9\" data-element_type=\"container\" data-e-type=\"container\">\n\t\t\t\t<div class=\"elementor-element elementor-element-5d61774 elementor-widget elementor-widget-text-editor\" data-id=\"5d61774\" data-element_type=\"widget\" data-e-type=\"widget\" data-widget_type=\"text-editor.default\">\n\t\t\t\t<div class=\"elementor-widget-container\">\n\t\t\t\t\t\t\t\t\t<p><strong>VIANDE<\/strong><br \/>Poulet, porc, agneau, boeuf<br \/>Fra\u00eeche, sous vide, saucisson, caillette, conserve&#8230;<\/p><p><strong>FROMAGES ET YAOURTS<\/strong><br \/>Ch\u00e8vre, brebis, vache&#8230;<\/p>\t\t\t\t\t\t\t\t<\/div>\n\t\t\t\t<\/div>\n\t\t\t\t<\/div>\n\t\t<div class=\"elementor-element elementor-element-a55b4f8 e-con-full e-flex e-con e-child\" data-id=\"a55b4f8\" data-element_type=\"container\" data-e-type=\"container\">\n\t\t\t\t<div class=\"elementor-element elementor-element-d648580 elementor-widget elementor-widget-text-editor\" data-id=\"d648580\" data-element_type=\"widget\" data-e-type=\"widget\" data-widget_type=\"text-editor.default\">\n\t\t\t\t<div class=\"elementor-widget-container\">\n\t\t\t\t\t\t\t\t\t<p><strong>BOISSONS<\/strong><br \/>Jus pomme, abricot, cerise&#8230;<br \/>Kombucha<\/p><p>Bi\u00e8re, vin<br \/>Liqueur aux plantes, clairette<\/p>\t\t\t\t\t\t\t\t<\/div>\n\t\t\t\t<\/div>\n\t\t\t\t<\/div>\n\t\t<div class=\"elementor-element elementor-element-ab82e4b e-con-full e-flex e-con e-child\" data-id=\"ab82e4b\" data-element_type=\"container\" data-e-type=\"container\">\n\t\t\t\t<div class=\"elementor-element elementor-element-6359e20 elementor-widget elementor-widget-text-editor\" data-id=\"6359e20\" data-element_type=\"widget\" data-e-type=\"widget\" data-widget_type=\"text-editor.default\">\n\t\t\t\t<div class=\"elementor-widget-container\">\n\t\t\t\t\t\t\t\t\t<p><strong>EPICERIE<\/strong><br \/>Tartinable v\u00e9g\u00e9tal,\u00a0miel, farine, p\u00e2tes<br \/>Huiles, moutarde, vinaigre<br \/>Olive, noix, lentille, pois chiche<br \/>Plats pr\u00e9par\u00e9s avec ou sans viande<br \/>&#8230;<\/p>\t\t\t\t\t\t\t\t<\/div>\n\t\t\t\t<\/div>\n\t\t\t\t<\/div>\n\t\t<div class=\"elementor-element elementor-element-b28c817 e-con-full e-flex e-con e-child\" data-id=\"b28c817\" data-element_type=\"container\" data-e-type=\"container\">\n\t\t\t\t<div class=\"elementor-element elementor-element-c788043 elementor-widget elementor-widget-text-editor\" data-id=\"c788043\" data-element_type=\"widget\" data-e-type=\"widget\" data-widget_type=\"text-editor.default\">\n\t\t\t\t<div class=\"elementor-widget-container\">\n\t\t\t\t\t\t\t\t\t<p><strong>PLANTES MEDICINALES<\/strong><br \/>Tisane et sirop<br \/>Gemmoth\u00e9rapie (extraits de bourgeons)<br \/>Propolis, spiruline, poudres de plante<br \/>Huiles essentielles, eaux florales&#8230;<\/p><p><strong>PRODUITS COSMETIQUES<\/strong><br \/>Huiles de massage<br \/>Baumes<\/p>\t\t\t\t\t\t\t\t<\/div>\n\t\t\t\t<\/div>\n\t\t\t\t<\/div>\n\t\t<div class=\"elementor-element elementor-element-78c3f0c e-con-full e-flex e-con e-child\" data-id=\"78c3f0c\" data-element_type=\"container\" data-e-type=\"container\">\n\t\t\t\t<div class=\"elementor-element elementor-element-40f7975 elementor-widget elementor-widget-text-editor\" data-id=\"40f7975\" data-element_type=\"widget\" data-e-type=\"widget\" data-widget_type=\"text-editor.default\">\n\t\t\t\t<div class=\"elementor-widget-container\">\n\t\t\t\t\t\t\t\t\t<p><strong>AUTRES PRODUITS PAYSANS<\/strong><br \/>Bougies<br \/>Chaussettes et semelles en laine<br \/>Glaces<\/p><p>et d&rsquo;autres \u00e0 venir d\u00e9couvrir&#8230;<\/p>\t\t\t\t\t\t\t\t<\/div>\n\t\t\t\t<\/div>\n\t\t\t\t<\/div>\n\t\t\t\t\t<\/div>\n\t\t\t\t<\/div>\n\t\t<div class=\"elementor-element elementor-element-78b8f8a e-flex e-con-boxed e-con e-parent\" data-id=\"78b8f8a\" data-element_type=\"container\" data-e-type=\"container\">\n\t\t\t\t\t<div class=\"e-con-inner\">\n\t\t<div class=\"elementor-element elementor-element-27a7d4c e-con-full e-flex e-con e-child\" data-id=\"27a7d4c\" data-element_type=\"container\" data-e-type=\"container\">\n\t\t\t\t<div class=\"elementor-element elementor-element-a3c1ffa elementor-widget__width-initial e-transform e-transform elementor-widget elementor-widget-text-editor\" data-id=\"a3c1ffa\" data-element_type=\"widget\" data-e-type=\"widget\" data-settings=\"{&quot;_transform_rotateZ_effect&quot;:{&quot;unit&quot;:&quot;px&quot;,&quot;size&quot;:-10,&quot;sizes&quot;:[]},&quot;_transform_skewX_effect&quot;:{&quot;unit&quot;:&quot;px&quot;,&quot;size&quot;:-20,&quot;sizes&quot;:[]},&quot;_transform_rotateZ_effect_tablet&quot;:{&quot;unit&quot;:&quot;deg&quot;,&quot;size&quot;:&quot;&quot;,&quot;sizes&quot;:[]},&quot;_transform_rotateZ_effect_mobile&quot;:{&quot;unit&quot;:&quot;deg&quot;,&quot;size&quot;:&quot;&quot;,&quot;sizes&quot;:[]},&quot;_transform_skewX_effect_tablet&quot;:{&quot;unit&quot;:&quot;deg&quot;,&quot;size&quot;:&quot;&quot;,&quot;sizes&quot;:[]},&quot;_transform_skewX_effect_mobile&quot;:{&quot;unit&quot;:&quot;deg&quot;,&quot;size&quot;:&quot;&quot;,&quot;sizes&quot;:[]},&quot;_transform_skewY_effect&quot;:{&quot;unit&quot;:&quot;px&quot;,&quot;size&quot;:&quot;&quot;,&quot;sizes&quot;:[]},&quot;_transform_skewY_effect_tablet&quot;:{&quot;unit&quot;:&quot;deg&quot;,&quot;size&quot;:&quot;&quot;,&quot;sizes&quot;:[]},&quot;_transform_skewY_effect_mobile&quot;:{&quot;unit&quot;:&quot;deg&quot;,&quot;size&quot;:&quot;&quot;,&quot;sizes&quot;:[]}}\" data-widget_type=\"text-editor.default\">\n\t\t\t\t<div class=\"elementor-widget-container\">\n\t\t\t\t\t\t\t\t\t<h2>Nous faisons de notre mieux pour proposer au magasin des produits de saison, en fonction du bon d\u00e9roulement de nos cultures et de nos \u00e9levages.<\/h2>\t\t\t\t\t\t\t\t<\/div>\n\t\t\t\t<\/div>\n\t\t\t\t<\/div>\n\t\t<div class=\"elementor-element elementor-element-71f3a85 e-con-full e-flex e-con e-child\" data-id=\"71f3a85\" data-element_type=\"container\" data-e-type=\"container\">\n\t\t\t\t<div class=\"elementor-element elementor-element-be50674 elementor-widget elementor-widget-image\" data-id=\"be50674\" data-element_type=\"widget\" data-e-type=\"widget\" data-widget_type=\"image.default\">\n\t\t\t\t<div class=\"elementor-widget-container\">\n\t\t\t\t\t\t\t\t\t\t\t\t\t\t\t<img fetchpriority=\"high\" decoding=\"async\" width=\"800\" height=\"600\" src=\"https:\/\/www.picomouto.fr\/wp-content\/uploads\/2025\/01\/PANCART-OUVERTURE-1024x768.jpg\" class=\"attachment-large size-large wp-image-155\" alt=\"\" srcset=\"https:\/\/www.picomouto.fr\/wp-content\/uploads\/2025\/01\/PANCART-OUVERTURE-1024x768.jpg 1024w, https:\/\/www.picomouto.fr\/wp-content\/uploads\/2025\/01\/PANCART-OUVERTURE-300x225.jpg 300w, https:\/\/www.picomouto.fr\/wp-content\/uploads\/2025\/01\/PANCART-OUVERTURE-768x576.jpg 768w, https:\/\/www.picomouto.fr\/wp-content\/uploads\/2025\/01\/PANCART-OUVERTURE-1536x1152.jpg 1536w, https:\/\/www.picomouto.fr\/wp-content\/uploads\/2025\/01\/PANCART-OUVERTURE.jpg 1600w\" sizes=\"(max-width: 800px) 100vw, 800px\" \/>\t\t\t\t\t\t\t\t\t\t\t\t\t\t\t<\/div>\n\t\t\t\t<\/div>\n\t\t\t\t<\/div>\n\t\t\t\t\t<\/div>\n\t\t\t\t<\/div>\n\t\t\t\t<\/div>\n\t\t","protected":false},"excerpt":{"rendered":"<p>Chez Pico Mouto, vous pourrez trouver de nombreux produits paysans, alimentaires et de soin,et d&rsquo;autres produits issus de nos cultures et \u00e9levages du territoire.Tous les produits propos\u00e9s au magasin sont travaill\u00e9s avec soin par des paysans locaux,en Agriculture Biologique (ou en conversion). Notre d\u00e9marche est avant tout de vous proposer des produits diversifi\u00e9s, savoureux et [&hellip;]<\/p>\n","protected":false},"author":1,"featured_media":0,"parent":0,"menu_order":0,"comment_status":"closed","ping_status":"closed","template":"","meta":{"footnotes":""},"class_list":["post-112","page","type-page","status-publish","hentry"],"_links":{"self":[{"href":"https:\/\/www.picomouto.fr\/index.php?rest_route=\/wp\/v2\/pages\/112","targetHints":{"allow":["GET"]}}],"collection":[{"href":"https:\/\/www.picomouto.fr\/index.php?rest_route=\/wp\/v2\/pages"}],"about":[{"href":"https:\/\/www.picomouto.fr\/index.php?rest_route=\/wp\/v2\/types\/page"}],"author":[{"embeddable":true,"href":"https:\/\/www.picomouto.fr\/index.php?rest_route=\/wp\/v2\/users\/1"}],"replies":[{"embeddable":true,"href":"https:\/\/www.picomouto.fr\/index.php?rest_route=%2Fwp%2Fv2%2Fcomments&post=112"}],"version-history":[{"count":34,"href":"https:\/\/www.picomouto.fr\/index.php?rest_route=\/wp\/v2\/pages\/112\/revisions"}],"predecessor-version":[{"id":178,"href":"https:\/\/www.picomouto.fr\/index.php?rest_route=\/wp\/v2\/pages\/112\/revisions\/178"}],"wp:attachment":[{"href":"https:\/\/www.picomouto.fr\/index.php?rest_route=%2Fwp%2Fv2%2Fmedia&parent=112"}],"curies":[{"name":"wp","href":"https:\/\/api.w.org\/{rel}","templated":true}]}}